{"id":1193,"date":"2021-02-04T18:49:58","date_gmt":"2021-02-04T18:49:58","guid":{"rendered":"https:\/\/lukavitanc.com\/develop\/?page_id=1193"},"modified":"2025-02-11T12:13:07","modified_gmt":"2025-02-11T12:13:07","slug":"terms-and-conditions","status":"publish","type":"page","link":"https:\/\/obutev-jazbec.si\/en\/terms-and-conditions\/","title":{"rendered":"Terms and Conditions"},"content":{"rendered":"\t\t<div data-elementor-type=\"wp-page\" data-elementor-id=\"1193\" class=\"elementor elementor-1193 elementor-749\" data-elementor-post-type=\"page\">\n\t\t\t\t\t\t\t\t\t<section class=\"elementor-section elementor-top-section elementor-element elementor-element-1a1beed elementor-section-boxed elementor-section-height-default elementor-section-height-default\" data-id=\"1a1beed\" data-element_type=\"section\">\n\t\t\t\t\t\t<div class=\"elementor-container elementor-column-gap-default\">\n\t\t\t\t\t<div class=\"elementor-column elementor-col-100 elementor-top-column elementor-element elementor-element-833a683\" data-id=\"833a683\" data-element_type=\"column\">\n\t\t\t<div class=\"elementor-widget-wrap elementor-element-populated\">\n\t\t\t\t\t\t\t\t<div class=\"elementor-element elementor-element-7897980 elementor-widget elementor-widget-heading\" data-id=\"7897980\" data-element_type=\"widget\" data-widget_type=\"heading.default\">\n\t\t\t\t<div class=\"elementor-widget-container\">\n\t\t\t<h2 class=\"elementor-heading-title elementor-size-default\">Terms and conditions<\/h2>\t\t<\/div>\n\t\t\t\t<\/div>\n\t\t\t\t<div class=\"elementor-element elementor-element-50e55d9 elementor-widget elementor-widget-text-editor\" data-id=\"50e55d9\" data-element_type=\"widget\" data-widget_type=\"text-editor.default\">\n\t\t\t\t<div class=\"elementor-widget-container\">\n\t\t\t\t\t\t\t<div style=\"background-image: initial !important; background-position: initial !important; background-size: initial !important; background-repeat: initial !important; background-attachment: initial !important; background-origin: initial !important; background-clip: initial !important; font-size: 12px; font-family: Verdana, Verdana, sans-serif; color: rgb(102, 102, 102);\">\n<p style=\"font-style: normal; font-weight: 400; margin-bottom: 0px; padding-bottom: 20px;\">Spo\u0161tovani obiskovalec.<\/p>\n<p style=\"font-style: normal; font-weight: 400; margin-bottom: 0px; padding-bottom: 20px;\">Pred uporabo spletne trgovine, vas vabimo, da pazljivo preberete spodaj navedene&nbsp;<strong>Splo\u0161ne pogoje poslovanja<\/strong>. Z uporabo spletne strani izrazite svoje strinjanje z navedenimi pogoji. V kolikor se s pogoji ne strinjate, vas prosimo, da ne uporabljate spletne trgovine.&nbsp;&nbsp;<\/p>\n<p style=\"font-style: normal; font-weight: 400; margin-bottom: 0px; padding-bottom: 20px;\">Splo\u0161ni pogoji poslovanja spletne trgovine&nbsp;<a style=\"cursor: pointer; outline-style: none; outline-width: medium; color: #333333;\" href=\"http:\/\/www.obutev-jazbec.si\/\">www.obutev-jazbec.si<\/a>&nbsp;so sestavljeni v skladu z&nbsp;<a style=\"cursor: pointer; outline-style: none; outline-width: medium; color: #333333;\" href=\"http:\/\/zakonodaja.gov.si\/rpsi\/r03\/predpis_ZAKO513.html\" target=\"_blank\" rel=\"noopener\">Zakonom o varstvu potro\u0161nikov (ZVPot)<\/a>&nbsp;s priporo\u010dili GZS in mednarodnimi kodeksi za e-poslovanje.<\/p>\n<p style=\"font-style: normal; font-weight: 400; margin-bottom: 0px; padding-bottom: 20px;\">&nbsp;<strong>Cene izdelkov so v&nbsp;evrih<\/strong>&nbsp;(EUR) z DDV.<\/p>\n<p style=\"font-style: normal; font-weight: 400; margin-bottom: 0px; padding-bottom: 20px;\">\n<\/p><p style=\"font-style: normal; font-weight: 400; margin-bottom: 0px; padding-bottom: 20px;\">Uporabnik spletne trgovine&nbsp;<a style=\"cursor: pointer; outline-style: none; outline-width: medium; color: #333333;\" href=\"http:\/\/www.obutev-jazbec.si\/\">www.obutev-jazbec.si<\/a>&nbsp;postane vsaka fizi\u010dna ali pravna oseba, ki se registrira kot nov \u010dlan. Uredni\u0161tvo spletne trgovine&nbsp;<a style=\"cursor: pointer; outline-style: none; outline-width: medium; color: #333333;\" href=\"http:\/\/www.obutev-jazbec.si\/\">www.obutev-jazbec.si<\/a>&nbsp;si pridr\u017euje pravico do spremembe pogojev uporabe ter se obvezuje, da bo o spremembah preko e-po\u0161te predhodno na registriran naslov obvestilo vse uporabnike.<\/p>\n<p style=\"font-style: normal; font-weight: 400; margin-bottom: 0px; padding-bottom: 20px;\">\n<\/p><h3 style=\"font-style: normal; margin-bottom: 0px; padding-bottom: 20px; font-size: 14px; color: #333333;\"><b>Cene<\/b><\/h3>\n<p style=\"font-style: normal; font-weight: 400; margin-bottom: 0px; padding-bottom: 20px;\">Vse cene v spletni trgovini&nbsp;<a style=\"cursor: pointer; outline-style: none; outline-width: medium; color: #333333;\" href=\"http:\/\/www.obutev-jazbec.si\/\">www.obutev-jazbec.si<\/a>&nbsp;so navedene v \u20ac (evrih) ter vklju\u010dujejo davek na dodano vrednost (DDV). Cene veljajo v trenutku oddaje naro\u010dila in nimajo v naprej dolo\u010dene veljavnosti. Za veljavnost cen so potrebne tudi skladnosti pla\u010dila&nbsp;s spodaj navedenimi na\u010dini pla\u010dila ter pod splo\u0161nimi pogoji poslovanja. V primeru, da se cena artikla tekom obdelave naro\u010dila spremeni, bo ponudnik kupca o tem obvestil. Ponudnik bo po svojih najbolj\u0161ih mo\u010deh sku\u0161al v vsakem primeru kupcu zagotoviti ni\u017ejo ceno oz. ponuditi ustrezno re\u0161itev, ki bo \u0161la v obojestransko zadovoljstvo. Cene se lahko spremenijo brez predhodnega obvestila.<\/p>\n<p style=\"font-style: normal; font-weight: 400; margin-bottom: 0px; padding-bottom: 20px;\">\n<\/p><h3 style=\"font-style: normal; margin-bottom: 0px; padding-bottom: 20px; font-size: 14px; color: #333333;\"><b>Koraki nakupa:<\/b><\/h3>\n<ul>\n<li>izbor artiklov \u2013 oddaja naro\u010dila,<\/li>\n<li>obdelava naro\u010dila,<\/li>\n<li>dostava.<\/li>\n<\/ul>\n<p style=\"font-style: normal; font-weight: 400; margin-bottom: 0px; padding-bottom: 20px;\">Po preteku dveh ur od sprejema naro\u010dila v \u010dakalno vrsto, vendar najve\u010d v dveh delovnih dneh, ponudnik naro\u010dilo pregleda, preveri dobavljivost in preko e-po\u0161te naro\u010dilo potrdi oziroma z razlogom in obrazlo\u017eitvijo zavrne. Ponudnik si pridr\u017euje pravico, da po potrebi pokli\u010de kupca na njegovo kontaktno telefonsko \u0161tevilko. Ob potrditvi naro\u010dila ponudnik obvesti kupca po elektronski po\u0161ti o predvidenem roku dostave. Pogodba o nakupu naro\u010denih artiklov med kupcem in ponudnikom je na tej stopnji nepreklicno sklenjena. Ponudnik v obljubljenem roku zapakira in odpo\u0161lje blago s prilo\u017eenim originalnim ra\u010dunom in morebitnimi navodili in garancijskim listom.<\/p>\n<p style=\"font-style: normal; font-weight: 400; margin-bottom: 0px; padding-bottom: 20px;\">\n<\/p><h3 style=\"font-style: normal; margin-bottom: 0px; padding-bottom: 20px; font-size: 14px; color: #333333;\"><b>Dobavni rok<\/b><\/h3>\n<p style=\"font-style: normal; font-weight: 400; margin-bottom: 0px; padding-bottom: 20px;\">Ponudnik najkasneje v petih delovnih dneh blago zapakira, odpo\u0161lje in o tem po elektronski po\u0161ti obvesti kupca. Elektronsko sporo\u010dilo vsebuje izpisek naro\u010dila, kjer so navedeni naro\u010deni artikli in skupna cena ter telefonska \u0161tevilka in naslov elektronske po\u0161te za stike s kupci, na katerega se lahko obrnete v primeru kakr\u0161nih koli vpra\u0161anj ali pripomb v zvezi z va\u0161im naro\u010dilom. Sporo\u010dilo vsebuje tudi informacije o politiki vra\u010danja blaga.<\/p>\n<p style=\"font-style: normal; font-weight: 400; margin-bottom: 0px; padding-bottom: 20px;\">V primeru, da blaga, ki ste ga naro\u010dili, ni na zalogi, se bomo z vami dogovorili o dobavnem roku.<\/p>\n<p style=\"font-style: normal; font-weight: 400; margin-bottom: 0px; padding-bottom: 20px;\">\n<\/p><h3 style=\"font-style: normal; margin-bottom: 0px; padding-bottom: 20px; font-size: 14px; color: #333333;\"><b>Preklic naro\u010dila<\/b><\/h3>\n<p style=\"font-style: normal; font-weight: 400; margin-bottom: 0px; padding-bottom: 20px;\">Uporabnik lahko prekli\u010de naro\u010dilo v roku dveh (2) ur po oddaji naro\u010dila po elektronski po\u0161ti. Po preteku dveh ur mora preklic naro\u010dila opraviti preko telefona.<\/p>\n<p style=\"font-style: normal; font-weight: 400; margin-bottom: 0px; padding-bottom: 20px;\">\n<\/p><h3 style=\"font-style: normal; margin-bottom: 0px; padding-bottom: 20px; font-size: 14px; color: #333333;\"><b>Dostava<\/b><\/h3>\n<p style=\"font-weight: 400; margin-bottom: 0px; padding-bottom: 20px;\">Dostavo naro\u010denega blaga opravljata PO\u0160TA SLOVENIJA in GLS, ki sta na\u0161a pogodbena partnerja. Dostava blaga je omejena na ozemlje dr\u017eave Slovenije. Spletna trgovina www.obutev-jazbec.si ni odgovorna morebitno prekora\u010ditev roka dostave, katere vzrok nastane po oddaji po\u0161iljke. Dostava se izvr\u0161i na va\u0161 naslov, naveden ob prijavi ali naro\u010dilu.<br>PO\u0160TA SLOVENIJA: v primeru, da vas ob \u010dasu dostave ni doma, vam dostavljalec pusti sporo\u010dilo o prejeti po\u0161iljki, katero lahko v ozna\u010denem \u010dasu dvignete na enoti po\u0161te.<br>GLS: v primeru, da vas ob \u010dasu dostave ni doma, se lahko s kurirjem dogovorite:<br>&#8211; za ponovno dostavo (po prvem neuspelem poizkusu je ponovni poizkus vro\u010danja brezpla\u010den)<br>&#8211; ali da paket preda v Paketno trgovino ali v Paketomat (za tovrsten na\u010din dostave se mora prejemnik paketa strinjati). Za dostavo v Paketno trgovino mora prejemnik paketa krit dodatne stro\u0161ke, dostava v Paketomat pa je brezpla\u010dna.<br>V primeru, da prejemnika ni na naslovu ter da na navedenem telefonu ni dosegljiv in se naslov dostave nahaja v radiju 3 km od Paketomata, lahko kurir brez privolitve paket pusti v le-temu. V primeru odkupnine jo stranke lahko poravnajo le s kartico.<br>Stro\u0161ke dostave pri nakupu nad 15\u20ac v celoti krije www.obutev-jazbec.si, zato je dostava za Vas brezpla\u010dna. V primeru nakupa v vrednosti manj kot 15\u20ac zna\u0161a stro\u0161ek dostave 5\u20ac.<\/p>\n<p><\/p>\n<h3 style=\"font-style: normal; margin-bottom: 0px; padding-bottom: 20px; font-size: 14px; color: #333333;\"><b>Naro\u010dila<\/b><\/h3>\n<p style=\"font-style: normal; font-weight: 400; margin-bottom: 0px; padding-bottom: 20px;\">Podatki o sklenjeni pogodbi oziroma o oddanem naro\u010dilu so shranjeni&nbsp;<a style=\"cursor: pointer; outline-style: none; outline-width: medium; color: #333333;\" href=\"http:\/\/www.obutev-jazbec.si\/\">www.obutev-jazbec.si<\/a>. Dosegljivi so tako v uporabni\u0161kem ra\u010dunu posameznega uporabnika kot tudi v podatkovni bazi spletne trgovine&nbsp;<a style=\"cursor: pointer; outline-style: none; outline-width: medium; color: #333333;\" href=\"http:\/\/www.obutev-jazbec.si\/\">www.obutev-jazbec.si<\/a>. Naro\u010dilo se izvede v slovenskem jeziku.<\/p>\n<p style=\"font-style: normal; font-weight: 400; margin-bottom: 0px; padding-bottom: 20px;\">\n<\/p><h3 style=\"font-style: normal; margin-bottom: 0px; padding-bottom: 20px; font-size: 14px; color: #333333;\"><b>Mo\u017enosti pla\u010dila&nbsp;<\/b><\/h3>\n<h4 style=\"font-weight: normal; margin-bottom: 0px; padding-bottom: 20px; font-size: 12px; line-height: 14px; color: #333333;\">PLA\u010cILO PO POVZETJU:<\/h4>\n<p style=\"font-style: normal; font-weight: 400; margin-bottom: 0px; padding-bottom: 20px;\">V kolikor \u017eelite, da vam naro\u010deno blago dostavimo na dom ali katerikoli drug naslov v Sloveniji in se odlo\u010dite za pla\u010dilo ob prevzemu, je mo\u017eno le pla\u010dilo z gotovino.&nbsp;Pri pla\u010dilu ob dostavi&nbsp;Po\u0161ta zara\u010duna provizijo.<\/p>\n<p style=\"font-style: normal; font-weight: 400; margin-bottom: 0px; padding-bottom: 20px;\">\n<\/p><h3 style=\"font-style: normal; margin-bottom: 0px; padding-bottom: 20px; font-size: 14px; color: #333333;\"><b>Varovanje podatkov in zasebnost<\/b><\/h3>\n<p style=\"font-style: normal; font-weight: 400; margin-bottom: 0px; padding-bottom: 20px;\">Registracija in vpis osebnih podatkov v spletno trgovino&nbsp;<a style=\"cursor: pointer; outline-style: none; outline-width: medium; color: #333333;\" href=\"http:\/\/www.obutev-jazbec.si\/\">www.obutev-jazbec.si<\/a>&nbsp;je nujen in izklju\u010dno potreben samo za pravilno izvajanje storitev. Ponudnik&nbsp;<a style=\"cursor: pointer; outline-style: none; outline-width: medium; color: #333333;\" href=\"http:\/\/www.obutev-jazbec.si\/\">www.obutev-jazbec.si<\/a>&nbsp;se obvezuje, da bo kakr\u0161nekoli podatke, pridobljene preko spletne strani varoval v skladu z Zakonom o varstvu osebnih podatkov (Ur. list RS \u0161t. 86\/2004) in ne bo nikoli posredoval, prodal, dal v najem ali kako druga\u010de trgoval z va\u0161imi osebnimi podatki. Va\u0161i osebni podatki ne bodo nikoli uporabljeni, \u010de se ne strinjate z na\u010dinom uporabe. Uporabnikom je na voljo vpogled v podatke, ki jih hranimo o njih preko njihovega uporabni\u0161kega ra\u010duna.<\/p>\n<p style=\"font-style: normal; font-weight: 400; margin-bottom: 0px; padding-bottom: 20px;\">\n<\/p><h3 style=\"font-style: normal; margin-bottom: 0px; padding-bottom: 20px; font-size: 14px; color: #333333;\"><b>Pravno obvestilo<\/b><\/h3>\n<p style=\"font-style: normal; font-weight: 400; margin-bottom: 0px; padding-bottom: 20px;\">Spletna trgovina&nbsp;<a style=\"cursor: pointer; outline-style: none; outline-width: medium; color: #333333;\" href=\"http:\/\/www.obutev-jazbec.si\/\">www.obutev-jazbec.si<\/a>, vsi podatki, slike artiklov in grafika prikazani na spletni strani so za\u0161\u010diteni z Zakonom o avtorskih pravicah in jih ni dovoljeno reproducirati ali uporabljati brez predhodnega pisnega dovoljenja. Blagovne znamke in logotipi priznanih podjetij so v njihovi lasti.<\/p>\n<p style=\"font-style: normal; font-weight: 400; margin-bottom: 0px; padding-bottom: 20px;\">\n<\/p><h3 style=\"font-style: normal; margin-bottom: 0px; padding-bottom: 20px; font-size: 14px; color: #333333;\"><b>Odgovornosti<\/b><\/h3>\n<p style=\"font-style: normal; font-weight: 400; margin-bottom: 0px; padding-bottom: 20px;\">Ponudnik&nbsp;<a style=\"cursor: pointer; outline-style: none; outline-width: medium; color: #333333;\" href=\"http:\/\/www.obutev-jazbec.si\/\">www.obutev-jazbec.si<\/a>&nbsp;se trudi, da bi spletna trgovina vklju\u010devala to\u010dne in a\u017eurne informacije. Kljub temu se lahko lastnosti artiklov, njihova dobavljivost in cena spremenijo tako hitro, da ponudnik ne uspe popraviti podatkov na spletnih straneh. V takem primeru bo ponudnik kupca obvestil o spremembah in mu omogo\u010dil preklic naro\u010dila ali zamenjavo naro\u010denega artikla. Slike artiklov so simboli\u010dne in ne predstavljajo dejanskega stanja (barve, dodatna oprema).<\/p>\n<p style=\"font-style: normal; font-weight: 400; margin-bottom: 0px; padding-bottom: 20px;\">\n<\/p><h3 style=\"font-style: normal; margin-bottom: 0px; padding-bottom: 20px; font-size: 14px; color: #333333;\"><b>Vra\u010danje blaga<\/b><\/h3>\n<p style=\"font-style: normal; font-weight: 400; margin-bottom: 0px; padding-bottom: 20px;\">Po ZVPot (43 \u010dl.) ima potro\u0161nik pravico, da v 14 dneh od prevzema blaga podjetju sporo\u010di, da odstopa od pogodbe, ne da bi mu bilo treba navesti razlog za svojo odlo\u010ditev. \u0160teje se, da je sporo\u010dilo pravo\u010dasno, \u010de je po\u0161iljka oddana v roku. Edini stro\u0161ek, ki bremeni potro\u0161nika v zvezi z odstopom od pogodbe, je stro\u0161ek vra\u010dila blaga; blago je potrebno vrniti prodajalcu najkasneje v roku 30 dni od oddanega sporo\u010dila o odstopu od pogodbe (nakupa). Izdelki morajo biti nerabljeni, nepo\u0161kodovani in v originalni embala\u017ei s priro\u010dniki in vsemi garancijskimi potrdili. Vra\u010dilu obvezno prilo\u017eite kopijo originalnega ra\u010duna. Kupnino za vrnjene artikle vam bomo nakazali na va\u0161 transakcijski ra\u010dun, s po\u0161tno nakaznico ali vam po dogovoru \u0161teli kupnino kot dobropis pri naslednjem nakupu. Denar vam vrnemo takoj oziroma najkasneje v 15 dneh.<\/p>\n<p style=\"font-style: normal; font-weight: 400; margin-bottom: 0px; padding-bottom: 20px;\">\n<\/p><p style=\"font-style: normal; font-weight: 400; margin-bottom: 0px; padding-bottom: 20px;\">Blago lahko vrnete osebno ali po po\u0161ti na naslov:<\/p>\n<p style=\"font-style: normal; font-weight: 400; margin-bottom: 0px; padding-bottom: 20px;\">\n<\/p><p style=\"font-style: normal; font-weight: 400; margin-bottom: 0px; padding-bottom: 20px;\">\u010cEVLJARSTVO JAZBEC PAVEL D.O.O.<\/p>\n<p style=\"font-style: normal; font-weight: 400; margin-bottom: 0px; padding-bottom: 20px;\">PREDILNI\u0160KA CESTA 016,<\/p>\n<p style=\"font-style: normal; font-weight: 400; margin-bottom: 0px; padding-bottom: 20px;\">4290 TR\u017dI\u010c<\/p>\n<p style=\"font-style: normal; font-weight: 400; margin-bottom: 0px; padding-bottom: 20px;\">\n<\/p><p style=\"font-style: normal; font-weight: 400; margin-bottom: 0px; padding-bottom: 20px;\">Tel:&nbsp; 04 59 20 200<br><\/p>\n<p style=\"font-style: normal; font-weight: 400; margin-bottom: 0px; padding-bottom: 20px;\"><span style=\"font-size: x-small;\">Podjetje je registrirano pri Okro\u017enem sodi\u0161\u010du v Kranju pod vlo\u017eno \u0161t. 1\/07432\/00, s sklepom SRG \u0161t.: 2007\/00405; osnovni kapital: 12.518,78 EUR; mati\u010dna \u0161tevilka: 1888064<\/span><\/p>\n<div style=\"font-style: normal; font-weight: 400;\"><span style=\"font-size: x-small;\">&nbsp;<\/span><\/div>\n<\/div>\t\t\t\t\t\t<\/div>\n\t\t\t\t<\/div>\n\t\t\t\t\t<\/div>\n\t\t<\/div>\n\t\t\t\t\t\t\t<\/div>\n\t\t<\/section>\n\t\t\t\t\t\t\t<\/div>\n\t\t","protected":false},"excerpt":{"rendered":"<p>Terms and conditions Spo\u0161tovani obiskovalec. Pred uporabo spletne trgovine, vas vabimo, da pazljivo preberete spodaj navedene&nbsp;Splo\u0161ne pogoje poslovanja. Z uporabo spletne strani izrazite svoje strinjanje z navedenimi pogoji. V kolikor se s pogoji ne strinjate, vas prosimo, da ne uporabljate spletne trgovine.&nbsp;&nbsp; Splo\u0161ni pogoji poslovanja spletne trgovine&nbsp;www.obutev-jazbec.si&nbsp;so sestavljeni v skladu z&nbsp;Zakonom o varstvu potro\u0161nikov (ZVPot)&nbsp;s &hellip;<\/p>\n<p class=\"read-more\"> <a class=\"\" href=\"https:\/\/obutev-jazbec.si\/en\/terms-and-conditions\/\"> <span class=\"screen-reader-text\">Terms and Conditions<\/span> Read More &raquo;<\/a><\/p>\n","protected":false},"author":8,"featured_media":0,"parent":0,"menu_order":0,"comment_status":"closed","ping_status":"closed","template":"","meta":{"footnotes":""},"_links":{"self":[{"href":"https:\/\/obutev-jazbec.si\/en\/wp-json\/wp\/v2\/pages\/1193"}],"collection":[{"href":"https:\/\/obutev-jazbec.si\/en\/wp-json\/wp\/v2\/pages"}],"about":[{"href":"https:\/\/obutev-jazbec.si\/en\/wp-json\/wp\/v2\/types\/page"}],"author":[{"embeddable":true,"href":"https:\/\/obutev-jazbec.si\/en\/wp-json\/wp\/v2\/users\/8"}],"replies":[{"embeddable":true,"href":"https:\/\/obutev-jazbec.si\/en\/wp-json\/wp\/v2\/comments?post=1193"}],"version-history":[{"count":17,"href":"https:\/\/obutev-jazbec.si\/en\/wp-json\/wp\/v2\/pages\/1193\/revisions"}],"predecessor-version":[{"id":24005,"href":"https:\/\/obutev-jazbec.si\/en\/wp-json\/wp\/v2\/pages\/1193\/revisions\/24005"}],"wp:attachment":[{"href":"https:\/\/obutev-jazbec.si\/en\/wp-json\/wp\/v2\/media?parent=1193"}],"curies":[{"name":"wp","href":"https:\/\/api.w.org\/{rel}","templated":true}]}}