{"id":23861,"date":"2025-02-03T11:47:06","date_gmt":"2025-02-03T11:47:06","guid":{"rendered":"https:\/\/obutev-jazbec.si\/?page_id=23861"},"modified":"2025-02-11T13:20:56","modified_gmt":"2025-02-11T13:20:56","slug":"cesto-postavljana-pitanja","status":"publish","type":"page","link":"https:\/\/obutev-jazbec.si\/hr\/cesto-postavljana-pitanja\/","title":{"rendered":"\u010cesto postavljana pitanja"},"content":{"rendered":"\t\t<div data-elementor-type=\"wp-page\" data-elementor-id=\"23861\" class=\"elementor elementor-23861 elementor-23847\" data-elementor-post-type=\"page\">\n\t\t\t\t\t\t\t\t\t<section class=\"elementor-section elementor-top-section elementor-element elementor-element-9141503 elementor-section-boxed elementor-section-height-default elementor-section-height-default\" data-id=\"9141503\" data-element_type=\"section\">\n\t\t\t\t\t\t<div class=\"elementor-container elementor-column-gap-default\">\n\t\t\t\t\t<div class=\"elementor-column elementor-col-100 elementor-top-column elementor-element elementor-element-25116b9\" data-id=\"25116b9\" data-element_type=\"column\">\n\t\t\t<div class=\"elementor-widget-wrap elementor-element-populated\">\n\t\t\t\t\t\t\t\t<div class=\"elementor-element elementor-element-5db8e7d elementor-widget elementor-widget-heading\" data-id=\"5db8e7d\" data-element_type=\"widget\" data-widget_type=\"heading.default\">\n\t\t\t\t<div class=\"elementor-widget-container\">\n\t\t\t<h2 class=\"elementor-heading-title elementor-size-default\">\u010cesto postavljana pitanja<\/h2>\t\t<\/div>\n\t\t\t\t<\/div>\n\t\t\t\t<div class=\"elementor-element elementor-element-434bca7 openedByDefault elementor-widget elementor-widget-toggle\" data-id=\"434bca7\" data-element_type=\"widget\" data-widget_type=\"toggle.default\">\n\t\t\t\t<div class=\"elementor-widget-container\">\n\t\t\t\t\t<div class=\"elementor-toggle\">\n\t\t\t\t\t\t\t<div class=\"elementor-toggle-item\">\n\t\t\t\t\t<div id=\"elementor-tab-title-7051\" class=\"elementor-tab-title\" data-tab=\"1\" role=\"button\" aria-controls=\"elementor-tab-content-7051\" aria-expanded=\"false\">\n\t\t\t\t\t\t\t\t\t\t\t\t<span class=\"elementor-toggle-icon elementor-toggle-icon-left\" aria-hidden=\"true\">\n\t\t\t\t\t\t\t\t\t\t\t\t\t\t\t<span class=\"elementor-toggle-icon-closed\"><i class=\"fas fa-caret-right\"><\/i><\/span>\n\t\t\t\t\t\t\t\t<span class=\"elementor-toggle-icon-opened\"><i class=\"elementor-toggle-icon-opened fas fa-caret-up\"><\/i><\/span>\n\t\t\t\t\t\t\t\t\t\t\t\t\t<\/span>\n\t\t\t\t\t\t\t\t\t\t\t\t<a class=\"elementor-toggle-title\" tabindex=\"0\">Zamjena proizvoda<\/a>\n\t\t\t\t\t<\/div>\n\n\t\t\t\t\t<div id=\"elementor-tab-content-7051\" class=\"elementor-tab-content elementor-clearfix\" data-tab=\"1\" role=\"region\" aria-labelledby=\"elementor-tab-title-7051\"><p>Proizvode mo\u017eete zamijeniti osobno, u sjedi\u0161tu tvrtke u Tr\u017ei\u010du ili putem po\u0161te. U slu\u010daju slanja, paketu prilo\u017eite potrebne podatke: ime i prezime, adresu, broj telefona, e-mail te informacije o \u017eeljenoj zamjeni (veli\u010dina i boja). Odustanak od ugovora za zamjenu nije potreban.<\/p><\/div>\n\t\t\t\t<\/div>\n\t\t\t\t\t\t\t<div class=\"elementor-toggle-item\">\n\t\t\t\t\t<div id=\"elementor-tab-title-7052\" class=\"elementor-tab-title\" data-tab=\"2\" role=\"button\" aria-controls=\"elementor-tab-content-7052\" aria-expanded=\"false\">\n\t\t\t\t\t\t\t\t\t\t\t\t<span class=\"elementor-toggle-icon elementor-toggle-icon-left\" aria-hidden=\"true\">\n\t\t\t\t\t\t\t\t\t\t\t\t\t\t\t<span class=\"elementor-toggle-icon-closed\"><i class=\"fas fa-caret-right\"><\/i><\/span>\n\t\t\t\t\t\t\t\t<span class=\"elementor-toggle-icon-opened\"><i class=\"elementor-toggle-icon-opened fas fa-caret-up\"><\/i><\/span>\n\t\t\t\t\t\t\t\t\t\t\t\t\t<\/span>\n\t\t\t\t\t\t\t\t\t\t\t\t<a class=\"elementor-toggle-title\" tabindex=\"0\">Povrat novca<\/a>\n\t\t\t\t\t<\/div>\n\n\t\t\t\t\t<div id=\"elementor-tab-content-7052\" class=\"elementor-tab-content elementor-clearfix\" data-tab=\"2\" role=\"region\" aria-labelledby=\"elementor-tab-title-7052\"><p>Proizvode je potrebno vratiti na na\u0161u adresu osobno ili po\u0161tom. Za povrat novca potreban nam je ra\u010dun i\/ili broj narud\u017ebe. Sredstva \u0107emo vratiti na isti na\u010din na koji su bila upla\u0107ena (bankovna transakcija, karti\u010dno pla\u0107anje). U slu\u010daju pla\u0107anja pouze\u0107em, potrebno je navesti broj transakcijskog ra\u010duna (TRR) na koji \u0107e vam biti vra\u0107en iznos kupovine. Iznos kupovine bit \u0107e vra\u0107en na bankovni ra\u010dun nakon \u0161to primimo uplatu otkupnine od kupca.<\/p><\/div>\n\t\t\t\t<\/div>\n\t\t\t\t\t\t\t<div class=\"elementor-toggle-item\">\n\t\t\t\t\t<div id=\"elementor-tab-title-7053\" class=\"elementor-tab-title\" data-tab=\"3\" role=\"button\" aria-controls=\"elementor-tab-content-7053\" aria-expanded=\"false\">\n\t\t\t\t\t\t\t\t\t\t\t\t<span class=\"elementor-toggle-icon elementor-toggle-icon-left\" aria-hidden=\"true\">\n\t\t\t\t\t\t\t\t\t\t\t\t\t\t\t<span class=\"elementor-toggle-icon-closed\"><i class=\"fas fa-caret-right\"><\/i><\/span>\n\t\t\t\t\t\t\t\t<span class=\"elementor-toggle-icon-opened\"><i class=\"elementor-toggle-icon-opened fas fa-caret-up\"><\/i><\/span>\n\t\t\t\t\t\t\t\t\t\t\t\t\t<\/span>\n\t\t\t\t\t\t\t\t\t\t\t\t<a class=\"elementor-toggle-title\" tabindex=\"0\">Reklamacije<\/a>\n\t\t\t\t\t<\/div>\n\n\t\t\t\t\t<div id=\"elementor-tab-content-7053\" class=\"elementor-tab-content elementor-clearfix\" data-tab=\"3\" role=\"region\" aria-labelledby=\"elementor-tab-title-7053\">Rok za podno\u0161enje reklamacije na proizvode iznosi jednu godinu. Proizvod mo\u017eemo zamijeniti ili izvr\u0161iti povrat novca. Proizvode je najprije potrebno vratiti na na\u0161u adresu osobno ili putem po\u0161te. Za povrat novca potreban nam je ra\u010dun i\/ili broj narud\u017ebe.<\/div>\n\t\t\t\t<\/div>\n\t\t\t\t\t\t\t<div class=\"elementor-toggle-item\">\n\t\t\t\t\t<div id=\"elementor-tab-title-7054\" class=\"elementor-tab-title\" data-tab=\"4\" role=\"button\" aria-controls=\"elementor-tab-content-7054\" aria-expanded=\"false\">\n\t\t\t\t\t\t\t\t\t\t\t\t<span class=\"elementor-toggle-icon elementor-toggle-icon-left\" aria-hidden=\"true\">\n\t\t\t\t\t\t\t\t\t\t\t\t\t\t\t<span class=\"elementor-toggle-icon-closed\"><i class=\"fas fa-caret-right\"><\/i><\/span>\n\t\t\t\t\t\t\t\t<span class=\"elementor-toggle-icon-opened\"><i class=\"elementor-toggle-icon-opened fas fa-caret-up\"><\/i><\/span>\n\t\t\t\t\t\t\t\t\t\t\t\t\t<\/span>\n\t\t\t\t\t\t\t\t\t\t\t\t<a class=\"elementor-toggle-title\" tabindex=\"0\">Poklon bonovi<\/a>\n\t\t\t\t\t<\/div>\n\n\t\t\t\t\t<div id=\"elementor-tab-content-7054\" class=\"elementor-tab-content elementor-clearfix\" data-tab=\"4\" role=\"region\" aria-labelledby=\"elementor-tab-title-7054\"><p>Za pitanja vezana uz poklon bonove obratite nam se putem e-maila: <a href=\"mailto:sales@obutev-jazbec.si\">sales@obutev-jazbec.si<\/a> ili telefonom na +386 (0)4 5920 200.<\/p><\/div>\n\t\t\t\t<\/div>\n\t\t\t\t\t\t\t\t<\/div>\n\t\t\t\t<\/div>\n\t\t\t\t<\/div>\n\t\t\t\t<div class=\"elementor-element elementor-element-656ad4f elementor-widget elementor-widget-html\" data-id=\"656ad4f\" data-element_type=\"widget\" data-widget_type=\"html.default\">\n\t\t\t\t<div class=\"elementor-widget-container\">\n\t\t\t<script>\r\nwindow.addEventListener('load', function () {\r\nlet opened = [1,2,3,4];\r\nsetTimeout(function () {\r\nlet toggles = document.querySelectorAll('.openedByDefault .elementor-tab-title');\r\nopened.forEach((i) => {\r\nif (toggles[i - 1]) toggles[i - 1].click();\r\n});\r\n}, 300);\r\n});\r\n<\/script>\t\t<\/div>\n\t\t\t\t<\/div>\n\t\t\t\t\t<\/div>\n\t\t<\/div>\n\t\t\t\t\t\t\t<\/div>\n\t\t<\/section>\n\t\t\t\t\t\t\t<\/div>\n\t\t","protected":false},"excerpt":{"rendered":"<p>\u010cesto postavljana pitanja Zamjena proizvoda Proizvode mo\u017eete zamijeniti osobno, u sjedi\u0161tu tvrtke u Tr\u017ei\u010du ili putem po\u0161te. U slu\u010daju slanja, paketu prilo\u017eite potrebne podatke: ime i prezime, adresu, broj telefona, e-mail te informacije o \u017eeljenoj zamjeni (veli\u010dina i boja). Odustanak od ugovora za zamjenu nije potreban. Povrat novca Proizvode je potrebno vratiti na na\u0161u adresu &hellip;<\/p>\n<p class=\"read-more\"> <a class=\"\" href=\"https:\/\/obutev-jazbec.si\/hr\/cesto-postavljana-pitanja\/\"> <span class=\"screen-reader-text\">\u010cesto postavljana pitanja<\/span> Read More &raquo;<\/a><\/p>\n","protected":false},"author":8,"featured_media":0,"parent":0,"menu_order":0,"comment_status":"closed","ping_status":"closed","template":"","meta":{"footnotes":""},"_links":{"self":[{"href":"https:\/\/obutev-jazbec.si\/hr\/wp-json\/wp\/v2\/pages\/23861"}],"collection":[{"href":"https:\/\/obutev-jazbec.si\/hr\/wp-json\/wp\/v2\/pages"}],"about":[{"href":"https:\/\/obutev-jazbec.si\/hr\/wp-json\/wp\/v2\/types\/page"}],"author":[{"embeddable":true,"href":"https:\/\/obutev-jazbec.si\/hr\/wp-json\/wp\/v2\/users\/8"}],"replies":[{"embeddable":true,"href":"https:\/\/obutev-jazbec.si\/hr\/wp-json\/wp\/v2\/comments?post=23861"}],"version-history":[{"count":32,"href":"https:\/\/obutev-jazbec.si\/hr\/wp-json\/wp\/v2\/pages\/23861\/revisions"}],"predecessor-version":[{"id":24041,"href":"https:\/\/obutev-jazbec.si\/hr\/wp-json\/wp\/v2\/pages\/23861\/revisions\/24041"}],"wp:attachment":[{"href":"https:\/\/obutev-jazbec.si\/hr\/wp-json\/wp\/v2\/media?parent=23861"}],"curies":[{"name":"wp","href":"https:\/\/api.w.org\/{rel}","templated":true}]}}