{"id":32372,"date":"2026-01-04T20:52:53","date_gmt":"2026-01-04T20:52:53","guid":{"rendered":"https:\/\/obutev-jazbec.si\/product\/carape-jazbec-pavel-logo-zlate\/"},"modified":"2026-01-04T20:52:53","modified_gmt":"2026-01-04T20:52:53","slug":"carape-jazbec-pavel-logo-zlate","status":"publish","type":"product","link":"https:\/\/obutev-jazbec.si\/hr\/proizvod\/carape-jazbec-pavel-logo-zlate\/","title":{"rendered":"\u010carape Jazbec Pavel s logotipom \u2013 zlatne"},"content":{"rendered":"<p>\u010carape s pasicom koja ne ste\u017ee i omogu\u0107uje cirkulaciju krvi, \u0161to pove\u0107ava udobnost \u010dak i pri dugotrajnom no\u0161enju.<\/p>\n<p>Za dodatnu izdr\u017eljivost oja\u010dane su na peti i prstima, dok je \u0161av na prstima izuzetno tanak i nenametljiv, osiguravaju\u0107i ugodan osje\u0107aj bez trenja ili nelagode.<\/p>\n<p>Materijali:<br \/>\n90% \u010de\u0161ljani pamuk,<br \/>\n7% poliamid,<br \/>\n3% elastan<\/p>\n","protected":false},"excerpt":{"rendered":"<p>Bijele \u010darape s pasicom i logotipom Jazbec Pavel u zlatnoj boji.<br \/>\nJednostavna bezvremenska klasika.<br \/>\nIzra\u0111ene su od \u010de\u0161ljanog pamuka, s udobnom pasicom te dodatno oja\u010dane na peti i prstima za ve\u0107u izdr\u017eljivost i udobnost.<\/p>\n<div style=\"display: inline-block; background-color: #c51917; color: #ffffff; padding-right: 6px; padding-left: 6px; font-weight: bold;\">BESPLATNA DOSTAVA ZA KUPOVINU IZNAD 15 \u20ac<\/div>\n","protected":false},"featured_media":32361,"template":"","meta":[],"product_cat":[66],"product_tag":[],"_links":{"self":[{"href":"https:\/\/obutev-jazbec.si\/hr\/wp-json\/wp\/v2\/product\/32372"}],"collection":[{"href":"https:\/\/obutev-jazbec.si\/hr\/wp-json\/wp\/v2\/product"}],"about":[{"href":"https:\/\/obutev-jazbec.si\/hr\/wp-json\/wp\/v2\/types\/product"}],"wp:featuredmedia":[{"embeddable":true,"href":"https:\/\/obutev-jazbec.si\/hr\/wp-json\/wp\/v2\/media\/32361"}],"wp:attachment":[{"href":"https:\/\/obutev-jazbec.si\/hr\/wp-json\/wp\/v2\/media?parent=32372"}],"wp:term":[{"taxonomy":"product_cat","embeddable":true,"href":"https:\/\/obutev-jazbec.si\/hr\/wp-json\/wp\/v2\/product_cat?post=32372"},{"taxonomy":"product_tag","embeddable":true,"href":"https:\/\/obutev-jazbec.si\/hr\/wp-json\/wp\/v2\/product_tag?post=32372"}],"curies":[{"name":"wp","href":"https:\/\/api.w.org\/{rel}","templated":true}]}}