{"id":580,"date":"2020-12-27T18:45:09","date_gmt":"2020-12-27T18:45:09","guid":{"rendered":"https:\/\/lukavitanc.com\/develop\/product\/zenske-papuce-386\/"},"modified":"2025-09-19T07:24:57","modified_gmt":"2025-09-19T07:24:57","slug":"zenske-papuce-386","status":"publish","type":"product","link":"https:\/\/obutev-jazbec.si\/hr\/proizvod\/zenske-papuce-386\/","title":{"rendered":"\u017denske papu\u010de 386"},"content":{"rendered":"<p>\u017denske tekstilne papu\u010de s podignutom petom.<\/p>\n","protected":false},"excerpt":{"rendered":"<p>\u017denske tekstilne papu\u010de s podignutom petom.<\/p>\n","protected":false},"featured_media":595,"template":"","meta":[],"product_cat":[66],"product_tag":[],"_links":{"self":[{"href":"https:\/\/obutev-jazbec.si\/hr\/wp-json\/wp\/v2\/product\/580"}],"collection":[{"href":"https:\/\/obutev-jazbec.si\/hr\/wp-json\/wp\/v2\/product"}],"about":[{"href":"https:\/\/obutev-jazbec.si\/hr\/wp-json\/wp\/v2\/types\/product"}],"wp:featuredmedia":[{"embeddable":true,"href":"https:\/\/obutev-jazbec.si\/hr\/wp-json\/wp\/v2\/media\/595"}],"wp:attachment":[{"href":"https:\/\/obutev-jazbec.si\/hr\/wp-json\/wp\/v2\/media?parent=580"}],"wp:term":[{"taxonomy":"product_cat","embeddable":true,"href":"https:\/\/obutev-jazbec.si\/hr\/wp-json\/wp\/v2\/product_cat?post=580"},{"taxonomy":"product_tag","embeddable":true,"href":"https:\/\/obutev-jazbec.si\/hr\/wp-json\/wp\/v2\/product_tag?post=580"}],"curies":[{"name":"wp","href":"https:\/\/api.w.org\/{rel}","templated":true}]}}