{"id":9611,"date":"2022-04-16T19:00:59","date_gmt":"2022-12-14T17:14:07","guid":{"rendered":"https:\/\/obutev-jazbec.si\/?post_type=product&#038;p=9611"},"modified":"2025-09-19T07:24:39","modified_gmt":"2025-09-19T07:24:39","slug":"papuce-110-bijele","status":"publish","type":"product","link":"https:\/\/obutev-jazbec.si\/hr\/proizvod\/papuce-110-bijele\/","title":{"rendered":"Papu\u010de 110 bijele"},"content":{"rendered":"<p>Potplat proizvoda izra\u0111en je od trajnog PU materijala.<\/p>\n<p>Poliuretanska masa sastoji se od mikro mjehuri\u0107a, \u0161to blagotvorno djeluje na stopala, osim toga, ova masa apsorbira udarce i \u0161titi od bolesti stopala i no\u017enih prstiju, pa je izuzetno popularna posebno kod starijih osoba i onih koji su svjesni koliko je zdravlje va\u017eno. izbor obu\u0107e. Cipela od poliuretana izuzetno je lagana i meka.<\/p>\n<p>Za sve proizvode odobravamo popust od 5% za narud\u017ebu od 2 para, te 10% popust za narud\u017ebu od tri ili vi\u0161e pari.<\/p>\n<p><strong>Sestav<\/strong><\/p>\n<div id=\"more_info_block\" class=\"clear\">\n<div id=\"more_info_sheets\" class=\"sheets align_justify\">\n<ul id=\"idTab2\" class=\"bullet\">\n<li>Gornji\u0161te: Ko\u017ea<\/li>\n<li>Postava: ko\u017ea, tekstil<\/li>\n<li>Potplat: poliuretan<\/li>\n<\/ul>\n<\/div>\n<table style=\"width: 50%;\">\n<tbody>\n<tr>\n<th>Veli\u010dina<\/th>\n<th>cm*<\/th>\n<\/tr>\n<tr>\n<td>36<\/td>\n<td>23<\/td>\n<\/tr>\n<tr>\n<td>37<\/td>\n<td>23,5<\/td>\n<\/tr>\n<tr>\n<td>38<\/td>\n<td>24<\/td>\n<\/tr>\n<tr>\n<td>39<\/td>\n<td>25<\/td>\n<\/tr>\n<tr>\n<td>40<\/td>\n<td>25,5<\/td>\n<\/tr>\n<tr>\n<td>41<\/td>\n<td>26,5<\/td>\n<\/tr>\n<tr>\n<td>42<\/td>\n<td>27<\/td>\n<\/tr>\n<tr>\n<td>43<\/td>\n<td>27,5<\/td>\n<\/tr>\n<tr>\n<td>44<\/td>\n<td>28<\/td>\n<\/tr>\n<tr>\n<td>45<\/td>\n<td>28,5<\/td>\n<\/tr>\n<tr>\n<td>46<\/td>\n<td>29,5<\/td>\n<\/tr>\n<tr>\n<td>47<\/td>\n<td>30-30,5<\/td>\n<\/tr>\n<\/tbody>\n<\/table>\n<\/div>\n<p>*duljina unutarnjeg dijela potplata papu\u010de<\/p>\n","protected":false},"excerpt":{"rendered":"<p>Legendarne papu\u010de:<\/p>\n<ul>\n<li>Jazbe\u010darke<\/li>\n<li>Tarzanke<\/li>\n<\/ul>\n<p>Papu\u010de za svaki dan, izra\u0111ene od najkvalitetnijih materijala.<\/p>\n","protected":false},"featured_media":9736,"template":"","meta":[],"product_cat":[66],"product_tag":[],"_links":{"self":[{"href":"https:\/\/obutev-jazbec.si\/hr\/wp-json\/wp\/v2\/product\/9611"}],"collection":[{"href":"https:\/\/obutev-jazbec.si\/hr\/wp-json\/wp\/v2\/product"}],"about":[{"href":"https:\/\/obutev-jazbec.si\/hr\/wp-json\/wp\/v2\/types\/product"}],"wp:featuredmedia":[{"embeddable":true,"href":"https:\/\/obutev-jazbec.si\/hr\/wp-json\/wp\/v2\/media\/9736"}],"wp:attachment":[{"href":"https:\/\/obutev-jazbec.si\/hr\/wp-json\/wp\/v2\/media?parent=9611"}],"wp:term":[{"taxonomy":"product_cat","embeddable":true,"href":"https:\/\/obutev-jazbec.si\/hr\/wp-json\/wp\/v2\/product_cat?post=9611"},{"taxonomy":"product_tag","embeddable":true,"href":"https:\/\/obutev-jazbec.si\/hr\/wp-json\/wp\/v2\/product_tag?post=9611"}],"curies":[{"name":"wp","href":"https:\/\/api.w.org\/{rel}","templated":true}]}}